{"id":11,"date":"2022-08-26T20:12:30","date_gmt":"2022-08-26T20:12:30","guid":{"rendered":"https:\/\/www.bodrum-museum.com\/fr\/?page_id=11"},"modified":"2023-03-12T15:12:49","modified_gmt":"2023-03-12T15:12:49","slug":"bodrum-que-faire-et-voir-lors-de-son-sejour-en-turquie-pres-du-musee-darcheologie-sous-marine","status":"publish","type":"page","link":"https:\/\/www.bodrum-museum.com\/fr\/","title":{"rendered":"Bodrum : que faire et voir lors de son s\u00e9jour en Turquie pr\u00e8s du Mus\u00e9e d\u2019Arch\u00e9ologie sous-marine ?"},"content":{"rendered":"<p>B<strong>ien que Bodrum ne soit pas la station baln\u00e9aire qui fait la premi\u00e8re page des brochures de voyage, ne vous y trompez pas. La ville a, en effet, beaucoup \u00e0 offrir et reste tr\u00e8s populaire aupr\u00e8s des touristes qui voyagent du c\u00f4t\u00e9 de la c\u00f4te \u00e9g\u00e9enne du sud de la Turquie. Si vous passez par l\u00e0 ou souhaitez tenter une nouvelle exp\u00e9rience pour vos prochaines vacances, alors cette ville va vous plaire\u00a0!<\/strong><\/p>\n<p><img loading=\"lazy\" decoding=\"async\" class=\"aligncenter wp-image-32 size-full\" src=\"https:\/\/www.bodrum-museum.com\/fr\/wp-content\/uploads\/2022\/08\/bodrum-cit.jpg\" alt=\"Cit\u00e9 de Bodrum Turkie\" width=\"550\" height=\"344\" srcset=\"https:\/\/www.bodrum-museum.com\/fr\/wp-content\/uploads\/2022\/08\/bodrum-cit.jpg 550w, https:\/\/www.bodrum-museum.com\/fr\/wp-content\/uploads\/2022\/08\/bodrum-cit-300x188.jpg 300w\" sizes=\"auto, (max-width: 550px) 100vw, 550px\" \/><\/p>\n<h2><\/h2>\n<h2>Derniers Articles<\/h2>\n<div class=\"display-posts-listing grid\"><div class=\"listing-item\"><a class=\"image\" href=\"https:\/\/www.bodrum-museum.com\/fr\/meilleures-villes-de-turquie\/\"><img loading=\"lazy\" decoding=\"async\" width=\"300\" height=\"199\" src=\"https:\/\/www.bodrum-museum.com\/fr\/wp-content\/uploads\/2023\/03\/Istanbul-en-Turquie-300x199.jpg\" class=\"attachment-medium size-medium wp-post-image\" alt=\"Istanbul en Turquie\" srcset=\"https:\/\/www.bodrum-museum.com\/fr\/wp-content\/uploads\/2023\/03\/Istanbul-en-Turquie-300x199.jpg 300w, https:\/\/www.bodrum-museum.com\/fr\/wp-content\/uploads\/2023\/03\/Istanbul-en-Turquie-768x510.jpg 768w, https:\/\/www.bodrum-museum.com\/fr\/wp-content\/uploads\/2023\/03\/Istanbul-en-Turquie.jpg 800w\" sizes=\"auto, (max-width: 300px) 100vw, 300px\" \/><\/a> <a class=\"title\" href=\"https:\/\/www.bodrum-museum.com\/fr\/meilleures-villes-de-turquie\/\">5 des meilleures villes de Turquie<\/a><\/div><div class=\"listing-item\"><a class=\"image\" href=\"https:\/\/www.bodrum-museum.com\/fr\/randonnee-en-turquie-meilleurs-sentiers-et-conseils-pour-sy-preparer\/\"><img loading=\"lazy\" decoding=\"async\" width=\"300\" height=\"198\" src=\"https:\/\/www.bodrum-museum.com\/fr\/wp-content\/uploads\/2022\/08\/randonnees-bodrum-turkie-300x198.jpg\" class=\"attachment-medium size-medium wp-post-image\" alt=\"\" srcset=\"https:\/\/www.bodrum-museum.com\/fr\/wp-content\/uploads\/2022\/08\/randonnees-bodrum-turkie-300x198.jpg 300w, https:\/\/www.bodrum-museum.com\/fr\/wp-content\/uploads\/2022\/08\/randonnees-bodrum-turkie-768x508.jpg 768w, https:\/\/www.bodrum-museum.com\/fr\/wp-content\/uploads\/2022\/08\/randonnees-bodrum-turkie.jpg 800w\" sizes=\"auto, (max-width: 300px) 100vw, 300px\" \/><\/a> <a class=\"title\" href=\"https:\/\/www.bodrum-museum.com\/fr\/randonnee-en-turquie-meilleurs-sentiers-et-conseils-pour-sy-preparer\/\">Randonn\u00e9e en Turquie : meilleurs sentiers et conseils pour s\u2019y pr\u00e9parer<\/a><\/div><\/div>\n<h2><\/h2>\n<h2>Bodrum, une ville de charme<\/h2>\n<p>Avec des paysages dignes des plus belles cartes postales, la ville de Bodrum est pleine de charme et saura vous faire r\u00eaver. Une partie du charme de la ville lui vient de son emplacement. En effet, Bodrum a \u00e9t\u00e9 construite sur le site de l\u2019ancienne ville d\u2019Halicarnasse, lieu o\u00f9 se trouvait l\u2019une des sept merveilles du monde antique\u00a0: le mausol\u00e9e d\u2019Halicarnasse.<\/p>\n<p>Mais ce n\u2019est pas tout. En effet, Bodrum a tout ce qu\u2019il faut pour combler ses visiteurs. Plages \u00e0 perdre de vue, bars et restaurants \u00e0 tomber, mais aussi de nombreuses activit\u00e9s et visites \u00e0 faire. Ainsi, vous ne vous emb\u00eaterez pas dans cette ville de charme.<\/p>\n<h2>Le mus\u00e9e d\u2019arch\u00e9ologie sous-marine de Bodrum\u00a0: l\u2019incontournable lors de votre s\u00e9jour<\/h2>\n<p><img loading=\"lazy\" decoding=\"async\" class=\"aligncenter size-full wp-image-35\" src=\"https:\/\/www.bodrum-museum.com\/fr\/wp-content\/uploads\/2022\/08\/muse-de-bodrum-1.jpg\" alt=\"Mus\u00e9e de bodrum\" width=\"550\" height=\"309\" srcset=\"https:\/\/www.bodrum-museum.com\/fr\/wp-content\/uploads\/2022\/08\/muse-de-bodrum-1.jpg 550w, https:\/\/www.bodrum-museum.com\/fr\/wp-content\/uploads\/2022\/08\/muse-de-bodrum-1-300x169.jpg 300w\" sizes=\"auto, (max-width: 550px) 100vw, 550px\" \/><\/p>\n<p>Faisant partie des plus grosses attractions de la ville, le mus\u00e9e d\u2019arch\u00e9ologie sous-marine de Bodrum est un incontournable lors de votre s\u00e9jour. Avec ses 14 d\u00e9partements, il attire chaque ann\u00e9e plus de 300\u2009000 visiteurs.<\/p>\n<h3>Histoire du mus\u00e9e<\/h3>\n<p>Le mus\u00e9e d\u2019arch\u00e9ologie sous-marine de Bodrum se trouve dans l\u2019ancien ch\u00e2teau de la ville. Celui-ci, construit aux abords de la baie, est charg\u00e9 d\u2019histoire. En effet, apr\u00e8s de nombreuses utilisations, dont celle de prison \u00e0 plusieurs reprises depuis sa construction, il a finalement \u00e9t\u00e9 laiss\u00e9 \u00e0 l\u2019abandon en 1950, avant que le gouvernement turc ne d\u00e9cide de le transformer en mus\u00e9e des \u00e9paves dans les ann\u00e9es 1960. Par la suite, sa fonction a \u00e9t\u00e9 \u00e9tendue, pour devenir l\u2019incroyable mus\u00e9e d\u2019arch\u00e9ologie sous-marine qu\u2019on connait aujourd\u2019hui. Par ailleurs, en 1995, le mus\u00e9e d\u2019arch\u00e9ologie sous-marine de Bodrum a remport\u00e9 le prix du mus\u00e9e europ\u00e9en de l\u2019ann\u00e9e, un \u00e9v\u00e9nement important pour celui-ci.<\/p>\n<h3>Quelles sont les collections du mus\u00e9e\u00a0?<\/h3>\n<p>Le mus\u00e9e dispose de 14 d\u00e9partements, mais ce qui est le plus int\u00e9ressant reste l\u2019impressionnante collection d\u2019\u00e9paves de celui-ci. En effet, elle en compte un grand nombre, dont certaines des plus connues au monde, telles que\u00a0:<\/p>\n<ul>\n<li>La plus ancienne \u00e9pave connue au monde, d\u00e9couverte en 1982 \u00e0 Ulu Burin\u00a0;<\/li>\n<li>L\u2019\u00c9pave du port de Marmaris-Ser\u00e7e, datant du 3<sup>e<\/sup> si\u00e8cle avant J.-C.\u00a0;<\/li>\n<li>L\u2019\u00c9pave grecque classique de Tekta\u1e63 Burnu, datant du 5<sup>e<\/sup> si\u00e8cle avant J.-C.\u00a0;<\/li>\n<li>L\u2019\u00c9pave de Finike-Gelidonya\u00a0;<\/li>\n<li>L\u2019\u00c9pave de Bodrim-Yassiada, datant du 7<sup>e<\/sup> si\u00e8cle apr\u00e8s J.-C.\u00a0;<\/li>\n<li>Et bien d\u2019autres encore.<\/li>\n<\/ul>\n<p>Le mus\u00e9e est \u00e9galement connu pour son hall de verre, qui expose toute la verrerie du b\u00e2timent, ou encore son aquarium, qui se trouve \u00e0 l\u2019int\u00e9rieur de ce hall si sp\u00e9cial.<\/p>\n<p><img loading=\"lazy\" decoding=\"async\" class=\"aligncenter size-full wp-image-37\" src=\"https:\/\/www.bodrum-museum.com\/fr\/wp-content\/uploads\/2022\/08\/Big-amphorias-at-the-Bodrum-Museum.jpg\" alt=\"\" width=\"550\" height=\"733\" srcset=\"https:\/\/www.bodrum-museum.com\/fr\/wp-content\/uploads\/2022\/08\/Big-amphorias-at-the-Bodrum-Museum.jpg 550w, https:\/\/www.bodrum-museum.com\/fr\/wp-content\/uploads\/2022\/08\/Big-amphorias-at-the-Bodrum-Museum-225x300.jpg 225w\" sizes=\"auto, (max-width: 550px) 100vw, 550px\" \/><\/p>\n<p><img loading=\"lazy\" decoding=\"async\" class=\"aligncenter size-full wp-image-38\" src=\"https:\/\/www.bodrum-museum.com\/fr\/wp-content\/uploads\/2022\/08\/Collection-of-blue-amphorias-at-the-Bodrum-Museum.jpg\" alt=\"\" width=\"550\" height=\"367\" srcset=\"https:\/\/www.bodrum-museum.com\/fr\/wp-content\/uploads\/2022\/08\/Collection-of-blue-amphorias-at-the-Bodrum-Museum.jpg 550w, https:\/\/www.bodrum-museum.com\/fr\/wp-content\/uploads\/2022\/08\/Collection-of-blue-amphorias-at-the-Bodrum-Museum-300x200.jpg 300w\" sizes=\"auto, (max-width: 550px) 100vw, 550px\" \/><\/p>\n<p><img loading=\"lazy\" decoding=\"async\" class=\"aligncenter size-full wp-image-39\" src=\"https:\/\/www.bodrum-museum.com\/fr\/wp-content\/uploads\/2022\/08\/Bust-of-Herodotos-outside-the-Bodrum-Museum.jpg\" alt=\"\" width=\"550\" height=\"827\" srcset=\"https:\/\/www.bodrum-museum.com\/fr\/wp-content\/uploads\/2022\/08\/Bust-of-Herodotos-outside-the-Bodrum-Museum.jpg 550w, https:\/\/www.bodrum-museum.com\/fr\/wp-content\/uploads\/2022\/08\/Bust-of-Herodotos-outside-the-Bodrum-Museum-200x300.jpg 200w\" sizes=\"auto, (max-width: 550px) 100vw, 550px\" \/><\/p>\n<h3>Horaires d\u2019ouverture et prix d\u2019une visite<\/h3>\n<p>Le mus\u00e9e est g\u00e9n\u00e9ralement ouvert tous les jours, sauf le lundi (jour de fermeture), de 9\u00a0h \u00e0 16\u00a0h\u00a030. L\u2019entr\u00e9e co\u00fbtera 25 TL par personne.<\/p>\n<h2>Que voir absolument \u00e0 Bodrum\u00a0apr\u00e8s le mus\u00e9e ?<\/h2>\n<p>Bien entendu, le mus\u00e9e d\u2019arch\u00e9ologie sous-marine n\u2019est pas la seule attraction de Bodrum. Vous pourrez notamment profiter des attractions suivantes.<\/p>\n<h3>Village de Karakaya<\/h3>\n<p>Avec plus de 300 ans d\u2019existence, le village de Karakaya reste l\u2019un des incontournables d\u2019un s\u00e9jour \u00e0 Bodrum. En effet, m\u00eame si une partie de celui-ci est \u00e0 l\u2019abandon, les propri\u00e9taires des maisons de ce village leur ont redonn\u00e9 leur aspect d\u2019origine, faisant du village une v\u00e9ritable le\u00e7on sur l\u2019Histoire turque.<\/p>\n<h3>Amphith\u00e9\u00e2tre de Bodrum<\/h3>\n<p>Datant du r\u00e8gne du roi Mausolus, l\u2019amphith\u00e9\u00e2tre de Bodrum est une des structures les plus anciennes et les mieux conserv\u00e9es de la ville. De quoi faire un retour dans le temps.<\/p>\n<h3>Les moulins \u00e0 vent<\/h3>\n<p>Situ\u00e9s aux quatre coins de la r\u00e9gion, les moulins \u00e0 vent sont repr\u00e9sentatifs de la ville. Peints de blanc et construits \u00e0 base de pierres ainsi que de bois, ils datent du 18<sup>e<\/sup> si\u00e8cle. Il y a encore 40 ans, ceux-ci \u00e9taient utilis\u00e9s pour moudre des grains et faire de la farine.<\/p>\n<h2>Que faire sans plus attendre \u00e0 Bodrum\u00a0?<\/h2>\n<p>Envie de profiter \u00e0 fond de votre voyage \u00e0 Bodrum\u00a0? Voici quelques activit\u00e9s et visites \u00e0 ne pas manquer\u00a0:<\/p>\n<ul>\n<li>Faire un tour en bateau dans la baie\u00a0;<\/li>\n<li>Profiter des plages \u00e0 perdre de vue\u00a0;<\/li>\n<li>Essayer les Hammams et bains turcs, des incontournables de tout voyage en Turquie\u00a0;<\/li>\n<li>Tenter\u00a0la plong\u00e9e sous-marine et d\u00e9couvrir des paysages maritimes \u00e0 couper le souffle, jusqu\u2019\u00e0 40 m\u00e8tres de profondeur\u00a0;<\/li>\n<li>Visiter \u00c9ph\u00e8se et Sirince au cours d\u2019une randonn\u00e9e d\u2019une journ\u00e9e et en apprendre plus sur la culture locale.<\/li>\n<\/ul>\n<h2>Restauration\u00a0: o\u00f9 faire plaisir \u00e0 ses papilles \u00e0 Bodrum\u00a0?<\/h2>\n<p>Vous souhaitez vous faire plaisir et go\u00fbter aux meilleurs plats turcs \u00e0 Bodrum\u00a0? Alors, voici une s\u00e9lection de restaurants o\u00f9 vous rendre sans plus attendre\u00a0:<\/p>\n<ul>\n<li>Kocadon<\/li>\n<li>Berk Balik<\/li>\n<li>Le restaurant Vira<\/li>\n<li>Marina Koftecisi<\/li>\n<\/ul>\n<h2>O\u00f9 sortir de nuit \u00e0 Bodrum\u00a0?<\/h2>\n<p>De nombreux clubs plus originaux les uns que les autres vous attendent \u00e0 Bodrum, pour des soir\u00e9es et nuits anim\u00e9es\u00a0:<\/p>\n<ul>\n<li>Halikarnas<\/li>\n<li>Club sous-marin de Bodrum<\/li>\n<li>Adamik<\/li>\n<li>Club X<\/li>\n<\/ul>\n<h2>Comment se rendre \u00e0 Bodrum\u00a0?<\/h2>\n<p>Ville tr\u00e8s touristique, la ville de Bodrum dispose de son propre a\u00e9roport. En effet, celui-ci est situ\u00e9 \u00e0 35 km du centre-ville et de nombreux vols sont disponibles \u00e0 destination de celui-ci, depuis tous les pays d\u2019Europe. \u00a0Pour vous rendre dans le centre-ville, vous pouvez opter pour un de ces moyens de transport\u00a0:<\/p>\n<ul>\n<li>Le service de bus\/navettes\u00a0: efficaces et nombreux, les services de navettes sont une solution rapide et \u00e9conomique. Comptez entre 20 et 45 minutes pour arriver au centre-ville et 10 \u00e0 17TL par personne.<\/li>\n<li>Un taxi officiel\u00a0: avec un co\u00fbt de 170TL (sans n\u00e9gociation), le taxi officiel est plus confortable que le bus et surtout privatif. Niveau temps, comptez \u00e9galement entre 20 et 45 minutes selon le trafic.<\/li>\n<\/ul>\n<p>Si vous le souhaitez, il est \u00e9galement possible de rejoindre Bodrum en bateau depuis Rhodes ou Kos. De m\u00eame, certains services de bus, notamment depuis Istanbul, Adana, Konya et Izmir, sont propos\u00e9s \u00e0 destination de Bodrum.<\/p>\n<h2>Voyage \u00e0 Bodrum\u00a0: serez-vous en s\u00e9curit\u00e9 dans la ville\u00a0?<\/h2>\n<p>C\u00f4t\u00e9 s\u00e9curitaire, Bodrum reste une ville bien r\u00e9put\u00e9e. Vous n\u2019aurez donc pas de souci \u00e0 vous faire de ce c\u00f4t\u00e9-l\u00e0. Le plus gros souci reste le nombre de chiens errants. Cependant, ils sont g\u00e9n\u00e9ralement inoffensifs et laissent les touristes tranquilles.<\/p>\n<p>Nous aurions n\u00e9anmoins un conseil\u00a0pour vous\u00a0: v\u00e9rifiez toujours les prix et petits caract\u00e8res sur les cartes des bars et restaurants pour \u00e9viter les mauvaises surprises au moment de payer. En effet, certains \u00e9tablissements n\u2019h\u00e9sitent pas \u00e0 jouer sur de petits caract\u00e8res ou des cartes sans prix pour faire gonfler les prix.<\/p>\n","protected":false},"excerpt":{"rendered":"<p>Bien que Bodrum ne soit pas la station baln\u00e9aire qui fait la premi\u00e8re page des brochures de voyage, ne vous y trompez pas. La ville a, en effet, beaucoup \u00e0 offrir et reste tr\u00e8s populaire aupr\u00e8s des touristes qui voyagent du c\u00f4t\u00e9 de la c\u00f4te \u00e9g\u00e9enne du sud de la Turquie. Si vous passez par &hellip; <a href=\"https:\/\/www.bodrum-museum.com\/fr\/randonnee-en-turquie-meilleurs-sentiers-et-conseils-pour-sy-preparer\/\" class=\"more-link\">Continuer la lecture de <span class=\"screen-reader-text\">Randonn\u00e9e en Turquie : meilleurs sentiers et conseils pour s\u2019y pr\u00e9parer<\/span><\/a><\/p>\n","protected":false},"author":1,"featured_media":31,"parent":0,"menu_order":0,"comment_status":"closed","ping_status":"closed","template":"","meta":{"footnotes":""},"class_list":["post-11","page","type-page","status-publish","has-post-thumbnail","hentry"],"aioseo_notices":[],"_links":{"self":[{"href":"https:\/\/www.bodrum-museum.com\/fr\/wp-json\/wp\/v2\/pages\/11","targetHints":{"allow":["GET"]}}],"collection":[{"href":"https:\/\/www.bodrum-museum.com\/fr\/wp-json\/wp\/v2\/pages"}],"about":[{"href":"https:\/\/www.bodrum-museum.com\/fr\/wp-json\/wp\/v2\/types\/page"}],"author":[{"embeddable":true,"href":"https:\/\/www.bodrum-museum.com\/fr\/wp-json\/wp\/v2\/users\/1"}],"replies":[{"embeddable":true,"href":"https:\/\/www.bodrum-museum.com\/fr\/wp-json\/wp\/v2\/comments?post=11"}],"version-history":[{"count":6,"href":"https:\/\/www.bodrum-museum.com\/fr\/wp-json\/wp\/v2\/pages\/11\/revisions"}],"predecessor-version":[{"id":60,"href":"https:\/\/www.bodrum-museum.com\/fr\/wp-json\/wp\/v2\/pages\/11\/revisions\/60"}],"wp:featuredmedia":[{"embeddable":true,"href":"https:\/\/www.bodrum-museum.com\/fr\/wp-json\/wp\/v2\/media\/31"}],"wp:attachment":[{"href":"https:\/\/www.bodrum-museum.com\/fr\/wp-json\/wp\/v2\/media?parent=11"}],"curies":[{"name":"wp","href":"https:\/\/api.w.org\/{rel}","templated":true}]}}